{"id":2,"date":"2026-04-02T00:28:07","date_gmt":"2026-04-01T21:28:07","guid":{"rendered":"https:\/\/www.nursenaoksuz.online\/?page_id=2"},"modified":"2026-04-02T01:27:04","modified_gmt":"2026-04-01T22:27:04","slug":"ornek-sayfa","status":"publish","type":"page","link":"https:\/\/www.nursenaoksuz.online\/","title":{"rendered":"Ana Sayfa"},"content":{"rendered":"\n<p>Tarz\u0131n\u0131z\u0131 t\u0131rnaklar\u0131n\u0131zla yans\u0131t\u0131n!<\/p>\n\n\n\n<p>Nail Art Studio olarak en yeni ve trend nail art tasar\u0131mlar\u0131n\u0131 sizlerle bulu\u015fturuyoruz.<br>Kedi g\u00f6z\u00fc oje, french t\u0131rnak ve jel uygulamalar\u0131 ile her zevke uygun \u015f\u0131k ve estetik g\u00f6r\u00fcn\u00fcmler sunuyoruz.<\/p>\n\n\n\n<p>Modern teknikler ve kaliteli \u00fcr\u00fcnler kullanarak, t\u0131rnaklar\u0131n\u0131za hem sa\u011fl\u0131kl\u0131 hem de uzun s\u00fcre kal\u0131c\u0131 dokunu\u015flar yap\u0131yoruz.<br>Her tasar\u0131m, sizin tarz\u0131n\u0131za uygun olacak \u015fekilde \u00f6zenle haz\u0131rlan\u0131r.<\/p>\n\n\n\n<p>Yapt\u0131\u011f\u0131m\u0131z \u00e7al\u0131\u015fmalar\u0131 daha yak\u0131ndan g\u00f6rmek i\u00e7in Galeri sayfam\u0131z\u0131 inceleyebilirsiniz.<br>Siz de kendinize en uygun tasar\u0131m\u0131 se\u00e7mek ve profesyonel hizmet almak i\u00e7in bizimle ileti\u015fime ge\u00e7ebilirsiniz.<\/p>\n\n\n\n<p>G\u00fczelli\u011finizi \u00f6n plana \u00e7\u0131karmak ve kendinizi \u00f6zel hissetmek i\u00e7in Nail Art Studio her zaman yan\u0131n\u0131zda.<\/p>\n","protected":false},"excerpt":{"rendered":"<p>Tarz\u0131n\u0131z\u0131 t\u0131rnaklar\u0131n\u0131zla yans\u0131t\u0131n! Nail Art Studio olarak en yeni ve trend nail art tasar\u0131mlar\u0131n\u0131 sizlerle bulu\u015fturuyoruz.Kedi g\u00f6z\u00fc oje, french t\u0131rnak ve jel uygulamalar\u0131 ile her zevke uygun \u015f\u0131k ve estetik g\u00f6r\u00fcn\u00fcmler sunuyoruz. Modern teknikler ve kaliteli \u00fcr\u00fcnler kullanarak, t\u0131rnaklar\u0131n\u0131za hem sa\u011fl\u0131kl\u0131 hem de uzun s\u00fcre kal\u0131c\u0131 dokunu\u015flar yap\u0131yoruz.Her tasar\u0131m, sizin tarz\u0131n\u0131za uygun olacak \u015fekilde \u00f6zenle&hellip;&nbsp;<\/p>\n","protected":false},"author":1,"featured_media":0,"parent":0,"menu_order":0,"comment_status":"closed","ping_status":"open","template":"","meta":{"neve_meta_sidebar":"","neve_meta_container":"","neve_meta_enable_content_width":"","neve_meta_content_width":0,"neve_meta_title_alignment":"","neve_meta_author_avatar":"","neve_post_elements_order":"","neve_meta_disable_header":"","neve_meta_disable_footer":"","neve_meta_disable_title":"","footnotes":""},"class_list":["post-2","page","type-page","status-publish","hentry"],"_links":{"self":[{"href":"https:\/\/www.nursenaoksuz.online\/index.php?rest_route=\/wp\/v2\/pages\/2","targetHints":{"allow":["GET"]}}],"collection":[{"href":"https:\/\/www.nursenaoksuz.online\/index.php?rest_route=\/wp\/v2\/pages"}],"about":[{"href":"https:\/\/www.nursenaoksuz.online\/index.php?rest_route=\/wp\/v2\/types\/page"}],"author":[{"embeddable":true,"href":"https:\/\/www.nursenaoksuz.online\/index.php?rest_route=\/wp\/v2\/users\/1"}],"replies":[{"embeddable":true,"href":"https:\/\/www.nursenaoksuz.online\/index.php?rest_route=%2Fwp%2Fv2%2Fcomments&post=2"}],"version-history":[{"count":4,"href":"https:\/\/www.nursenaoksuz.online\/index.php?rest_route=\/wp\/v2\/pages\/2\/revisions"}],"predecessor-version":[{"id":45,"href":"https:\/\/www.nursenaoksuz.online\/index.php?rest_route=\/wp\/v2\/pages\/2\/revisions\/45"}],"wp:attachment":[{"href":"https:\/\/www.nursenaoksuz.online\/index.php?rest_route=%2Fwp%2Fv2%2Fmedia&parent=2"}],"curies":[{"name":"wp","href":"https:\/\/api.w.org\/{rel}","templated":true}]}}